{"id":41,"date":"2015-02-16T20:47:03","date_gmt":"2015-02-16T19:47:03","guid":{"rendered":"http:\/\/wunschpudding.de.srv074.dedi64.de\/?page_id=41"},"modified":"2021-02-27T14:18:19","modified_gmt":"2021-02-27T13:18:19","slug":"der-quittenbaum","status":"publish","type":"page","link":"https:\/\/wunschpudding.de\/?page_id=41","title":{"rendered":"Der Quittenbaum (Birnenquitte)"},"content":{"rendered":"<p>&nbsp;<\/p>\n<figure width=\"225\" id=\"attachment_50\" align=\"alignnone\"><a href=\"https:\/\/r10.wunschpudding.de\/wp-content\/uploads\/2015\/02\/Bild-137.jpg\"><img loading=\"lazy\" decoding=\"async\" src=\"https:\/\/r10.wunschpudding.de\/wp-content\/uploads\/2015\/02\/Bild-137-225x300.jpg\" class=\"size-medium wp-image-50\" width=\"225\" height=\"300\" alt=\"Bild 137\" srcset=\"https:\/\/wunschpudding.de\/wp-content\/uploads\/2015\/02\/Bild-137-225x300.jpg 225w, https:\/\/wunschpudding.de\/wp-content\/uploads\/2015\/02\/Bild-137-768x1024.jpg 768w, https:\/\/wunschpudding.de\/wp-content\/uploads\/2015\/02\/Bild-137-1200x1600.jpg 1200w\" sizes=\"auto, (max-width: 225px) 85vw, 225px\" \/><\/a> 2009<\/figure>\n<p>Gepflanzt Herbst 2004 Werneuchen&nbsp;(Brandenburg).<\/p>\n<p>Umgepflanzt Fr\u00fchjahr 2007 nach Neuenhagen (Brandenburg). Da in der N\u00e4he andere Quittenb\u00e4ume wachsen, tr\u00e4gt er seitdem herrliche Fr\u00fcchte. Diese verarbeiten&nbsp;wir zu Saft, Quittenbrot, Kompott, Mus mit \u00c4pfel zusammen und nicht zuletzt Quittenlik\u00f6r.<\/p>\n<p>Quitten eignen sich auch sehr gut zum mit schmoren bei Fleisch und Gefl\u00fcgelsorten.<\/p>\n<p><strong>2009&nbsp;<\/strong>Gr\u00f6\u00dfte Frucht 0,532 kg, Ertrag 14 kg<\/p>\n<p><strong>2010&nbsp;<\/strong>Gr\u00f6\u00dfte Frucht 0,425 kg, Ertrag 4,5 kg strenger Winter<\/p>\n<p><strong>2011 <\/strong>Gr\u00f6\u00dfte&nbsp;Frucht 0,691 kg Ertrag 4,3 kg strenger Winter, Baum hat Frostsch\u00e4den<\/p>\n<p><strong>2012&nbsp;<\/strong>Gr\u00f6\u00dfte Frucht 0,687 kg, Ertrag 32 kg<br \/>\n<span style=\"line-height: 1.6471\">strenger Winter, K\u00e4lte ohne Schnee bis Mrz. Hagelschaden im August, keine Fr\u00fcchte verloren nur Einschl\u00e4ge und Bl\u00e4tter besch\u00e4digt<\/span><\/p>\n<p><strong>2013&nbsp;<\/strong>Gr\u00f6\u00dfte Frucht 0,664 kg 60 kg strenger langer Winter bis Ende Mrz.<\/p>\n<p><strong><a href=\"https:\/\/r10.wunschpudding.de\/wp-content\/uploads\/2015\/02\/P1050054.jpg\"><img loading=\"lazy\" decoding=\"async\" src=\"https:\/\/r10.wunschpudding.de\/wp-content\/uploads\/2015\/02\/P1050054-300x225.jpg\" class=\"alignnone size-medium wp-image-60\" width=\"300\" height=\"225\" alt=\"P1050054\" srcset=\"https:\/\/wunschpudding.de\/wp-content\/uploads\/2015\/02\/P1050054-300x225.jpg 300w, https:\/\/wunschpudding.de\/wp-content\/uploads\/2015\/02\/P1050054-768x576.jpg 768w, https:\/\/wunschpudding.de\/wp-content\/uploads\/2015\/02\/P1050054-1024x768.jpg 1024w, https:\/\/wunschpudding.de\/wp-content\/uploads\/2015\/02\/P1050054-1200x900.jpg 1200w\" sizes=\"auto, (max-width: 300px) 85vw, 300px\" \/><\/a><\/strong><\/p>\n<p><strong>2014&nbsp;<\/strong>Gr\u00f6\u00dfte Frucht 0,738 kg, Gesamtertrag 16 kg. Hagel im April, Verlust einiger Bl\u00fctenknospen, erstmal Fr\u00fcchte mit \u201eMaden\u201c und braune Stellen<\/p>\n<p style=\"text-align: left\"><b>2015&nbsp;<\/b>Gr\u00f6\u00dfte Frucht dieses Jahr 728 g. Gesamterbe 33 kg! Wetter normal.<\/p>\n<figure id=\"attachment_106\" aria-describedby=\"caption-attachment-106\" style=\"width: 225px\" class=\"wp-caption alignnone\"><img loading=\"lazy\" decoding=\"async\" src=\"https:\/\/r10.wunschpudding.de\/wp-content\/uploads\/2016\/03\/image-225x300.jpeg\" class=\"size-medium wp-image-106\" width=\"225\" height=\"300\" alt=\"\" srcset=\"https:\/\/wunschpudding.de\/wp-content\/uploads\/2016\/03\/image-225x300.jpeg 225w, https:\/\/wunschpudding.de\/wp-content\/uploads\/2016\/03\/image-768x1024.jpeg 768w, https:\/\/wunschpudding.de\/wp-content\/uploads\/2016\/03\/image-1200x1600.jpeg 1200w\" sizes=\"auto, (max-width: 225px) 85vw, 225px\" \/><figcaption id=\"caption-attachment-106\" class=\"wp-caption-text\">&#8222;Babyquitte&#8220;<\/figcaption><\/figure>\n<figure id=\"attachment_111\" aria-describedby=\"caption-attachment-111\" style=\"width: 300px\" class=\"wp-caption alignleft\"><img loading=\"lazy\" decoding=\"async\" src=\"https:\/\/r10.wunschpudding.de\/wp-content\/uploads\/2015\/02\/image-1-e1457281517679-300x225.jpeg\" class=\"size-medium wp-image-111\" width=\"300\" height=\"225\" alt=\"Quittenkuchen\"><figcaption id=\"caption-attachment-111\" class=\"wp-caption-text\">Quittenkuchen<\/figcaption><\/figure>\n<p>&nbsp;<\/p>\n<p><b>2016&nbsp;<\/b> Gr\u00f6\u00dfte Frucht 0,656 kg Gesamternte ca. 3 kg langer milder Winter bis Ende Apr. , dann sehr trockenes Fr\u00fchjahr. Habe den Baum auch relativ stark zur\u00fcckgeschnitten. Er sollte sich erholen!<\/p>\n<p><a href=\"https:\/\/wunschpudding.de\/wp-content\/uploads\/2016\/11\/img_0832.jpg\"><img loading=\"lazy\" decoding=\"async\" src=\"https:\/\/wunschpudding.de\/wp-content\/uploads\/2016\/11\/img_0832.jpg\" class=\"alignnone size-full wp-image-216\" alt=\"\" width=\"5472\" height=\"3648\" srcset=\"https:\/\/wunschpudding.de\/wp-content\/uploads\/2016\/11\/img_0832.jpg 5472w, https:\/\/wunschpudding.de\/wp-content\/uploads\/2016\/11\/img_0832-300x200.jpg 300w, https:\/\/wunschpudding.de\/wp-content\/uploads\/2016\/11\/img_0832-768x512.jpg 768w, https:\/\/wunschpudding.de\/wp-content\/uploads\/2016\/11\/img_0832-1024x683.jpg 1024w, https:\/\/wunschpudding.de\/wp-content\/uploads\/2016\/11\/img_0832-1200x800.jpg 1200w\" sizes=\"auto, (max-width: 709px) 85vw, (max-width: 909px) 67vw, (max-width: 1362px) 62vw, 840px\" \/><\/a><br \/>\n<span style=\"text-decoration: underline\"><strong>Quittenlik\u00f6r <\/strong><\/span><\/p>\n<p>Rezept folgt!<br \/>\nQuitten, Zucker, Wasser, Alkohol ?<\/p>\n<figure id=\"attachment_76\" aria-describedby=\"caption-attachment-76\" style=\"width: 225px\" class=\"wp-caption alignnone\"><img loading=\"lazy\" decoding=\"async\" src=\"https:\/\/r10.wunschpudding.de\/wp-content\/uploads\/2015\/02\/Bild-4-e1457281955294-225x300.jpg\" class=\"size-medium wp-image-76\" width=\"225\" height=\"300\" alt=\"Fl\u00fcssige Ernte\" srcset=\"https:\/\/wunschpudding.de\/wp-content\/uploads\/2015\/02\/Bild-4-e1457281955294-225x300.jpg 225w, https:\/\/wunschpudding.de\/wp-content\/uploads\/2015\/02\/Bild-4-e1457281955294-768x1024.jpg 768w, https:\/\/wunschpudding.de\/wp-content\/uploads\/2015\/02\/Bild-4-e1457281955294-1200x1600.jpg 1200w\" sizes=\"auto, (max-width: 225px) 85vw, 225px\" \/><figcaption id=\"caption-attachment-76\" class=\"wp-caption-text\">Fl\u00fcssige Ernte<\/figcaption><\/figure>\n<p>&nbsp;<\/p>\n<p>&nbsp;<\/p>\n","protected":false},"excerpt":{"rendered":"<p>&nbsp; 2009 Gepflanzt Herbst 2004 Werneuchen&nbsp;(Brandenburg). Umgepflanzt Fr\u00fchjahr 2007 nach Neuenhagen (Brandenburg). Da in der N\u00e4he andere Quittenb\u00e4ume wachsen, tr\u00e4gt er seitdem herrliche Fr\u00fcchte. Diese verarbeiten&nbsp;wir zu Saft, Quittenbrot, Kompott, Mus mit \u00c4pfel zusammen und nicht zuletzt Quittenlik\u00f6r. Quitten eignen sich auch sehr gut zum mit schmoren bei Fleisch und Gefl\u00fcgelsorten. 2009&nbsp;Gr\u00f6\u00dfte Frucht 0,532 kg, &hellip; <a href=\"https:\/\/wunschpudding.de\/?page_id=41\" class=\"more-link\">Continue reading<span class=\"screen-reader-text\"> &#8222;Der Quittenbaum (Birnenquitte)&#8220;<\/span><\/a><\/p>\n","protected":false},"author":2,"featured_media":0,"parent":0,"menu_order":0,"comment_status":"open","ping_status":"open","template":"","meta":{"footnotes":""},"class_list":["post-41","page","type-page","status-publish","hentry"],"_links":{"self":[{"href":"https:\/\/wunschpudding.de\/index.php?rest_route=\/wp\/v2\/pages\/41","targetHints":{"allow":["GET"]}}],"collection":[{"href":"https:\/\/wunschpudding.de\/index.php?rest_route=\/wp\/v2\/pages"}],"about":[{"href":"https:\/\/wunschpudding.de\/index.php?rest_route=\/wp\/v2\/types\/page"}],"author":[{"embeddable":true,"href":"https:\/\/wunschpudding.de\/index.php?rest_route=\/wp\/v2\/users\/2"}],"replies":[{"embeddable":true,"href":"https:\/\/wunschpudding.de\/index.php?rest_route=%2Fwp%2Fv2%2Fcomments&post=41"}],"version-history":[{"count":9,"href":"https:\/\/wunschpudding.de\/index.php?rest_route=\/wp\/v2\/pages\/41\/revisions"}],"predecessor-version":[{"id":292,"href":"https:\/\/wunschpudding.de\/index.php?rest_route=\/wp\/v2\/pages\/41\/revisions\/292"}],"wp:attachment":[{"href":"https:\/\/wunschpudding.de\/index.php?rest_route=%2Fwp%2Fv2%2Fmedia&parent=41"}],"curies":[{"name":"wp","href":"https:\/\/api.w.org\/{rel}","templated":true}]}}